{"id":789,"date":"2023-04-11T08:01:27","date_gmt":"2023-04-11T06:01:27","guid":{"rendered":"https:\/\/mslolaspanish.com\/product\/prepara-tu-examen-pack-10\/"},"modified":"2023-04-20T08:23:51","modified_gmt":"2023-04-20T07:23:51","slug":"prepara-tu-examen-pack-10","status":"publish","type":"product","link":"https:\/\/mslolaspanish.com\/es\/producto\/prepara-tu-examen-pack-10\/","title":{"rendered":"Prepara tu examen (Pack 10)"},"content":{"rendered":"<div class=\"elementor-element elementor-element-88cce1d elementor-icon-list--layout-traditional elementor-list-item-link-full_width elementor-widget elementor-widget-icon-list\" data-id=\"88cce1d\" data-element_type=\"widget\" data-widget_type=\"icon-list.default\">\n<div class=\"elementor-widget-container\">\n<ul class=\"elementor-icon-list-items\">\n<li class=\"elementor-icon-list-item\"><span class=\"elementor-icon-list-text\"><strong>IB International Baccalaureate<\/strong> Diploma Program in Spanish.<\/span><\/li>\n<li class=\"elementor-icon-list-item\"><i class=\"fas fa-long-arrow-alt-right\" aria-hidden=\"true\"><\/i><span class=\"elementor-icon-list-text\"><strong>AP Spanish <\/strong>&#8211; Advanced Placement<\/span><\/li>\n<li class=\"elementor-icon-list-item\"><i class=\"fas fa-long-arrow-alt-right\" aria-hidden=\"true\"><\/i><span class=\"elementor-icon-list-text\"><strong>DELE Diploma Espa\u00f1ol como segunda Lengua Extranjera<\/strong>Instituto Cervantes<\/span><\/li>\n<li class=\"elementor-icon-list-item\"><i class=\"fas fa-long-arrow-alt-right\" aria-hidden=\"true\"><\/i><span class=\"elementor-icon-list-text\"><strong>IGSCE International General Certificate of Secondary Education<\/strong><\/span><\/li>\n<\/ul>\n<\/div>\n<\/div>\n<div class=\"elementor-element elementor-element-6e4feb9 elementor-widget elementor-widget-text-editor\" data-id=\"6e4feb9\" data-element_type=\"widget\" data-widget_type=\"text-editor.default\">\n<div class=\"elementor-widget-container\">\n<p><strong>Te ayudar\u00e9 a prepararte para tus ex\u00e1menes y a mejorar en tus notas<\/strong> en estas clases. Trabajaremos especialmente la gram\u00e1tica, la escritura, la comprensi\u00f3n y la prueba oral. Soy <strong>examinadora de DELE<\/strong> por lo que estoy capacitada para <strong>potenciar tus puntos fuertes y mejorar el resto de tus habilidades<\/strong>. Tambi\u00e9n he preparado a estudiantes para aprobar o mejorar sus calificaciones en sus <strong>ex\u00e1menes de IB, AP<\/strong> e <strong>IGSCE<\/strong>.<\/p>\n<p>Usar\u00e9 diferentes t\u00e9cnicas y recursos para asegurarme que entiendes todos los temas tratado. Usaremos ejemplos y pondremos la gram\u00e1tica en contexto. Te dar\u00e9 ejemplos y situaciones para que puedas ganar mejor conocimiento.<\/p>\n<p>La <strong>motivaci\u00f3n<\/strong> es la <strong>clave del aprendizaje<\/strong>, entonces en mis clases, me asegurar\u00e9 de que est\u00e9s c\u00f3modo y confiado y mejorar\u00e1s as\u00ed tu aprendizaje practicando. \u00a1La <strong>pr\u00e1ctica hace al maestro<\/strong>!<\/p>\n<\/div>\n<\/div>\n","protected":false},"excerpt":{"rendered":"<p>Zona horaria predefinida: Madrid, Espa\u00f1a (GMT+2)<\/p>\n<table style=\"width: 100%;\">\n<tbody>\n<tr>\n<td><strong>Madrid<\/strong><\/td>\n<td><strong>Londres<\/strong><\/td>\n<td><strong>LA<\/strong><\/td>\n<td><strong>Nueva York<\/strong><\/td>\n<td><strong>Singapur<\/strong><\/td>\n<td><strong>Australia (Sydney)<\/strong><\/td>\n<\/tr>\n<tr>\n<td>8:00<\/td>\n<td>7:00<\/td>\n<td>23:00 (-1 d\u00eda)<\/td>\n<td>2:00<\/td>\n<td>14:00<\/td>\n<td>16:00<\/td>\n<\/tr>\n<tr>\n<td>9:00<\/td>\n<td>8:00<\/td>\n<td>00:00<\/td>\n<td>3:00<\/td>\n<td>15:00<\/td>\n<td>17:00<\/td>\n<\/tr>\n<tr>\n<td>10:00<\/td>\n<td>9:00<\/td>\n<td>1:00<\/td>\n<td>4:00<\/td>\n<td>16:00<\/td>\n<td>18:00<\/td>\n<\/tr>\n<tr>\n<td>11:00<\/td>\n<td>10:00<\/td>\n<td>2:00<\/td>\n<td>5:00<\/td>\n<td>17:00<\/td>\n<td>19:00<\/td>\n<\/tr>\n<tr>\n<td>12:00<\/td>\n<td>11:00<\/td>\n<td>3:00<\/td>\n<td>6:00<\/td>\n<td>18:00<\/td>\n<td>20:00<\/td>\n<\/tr>\n<tr>\n<td>13:00<\/td>\n<td>12:00<\/td>\n<td>4:00<\/td>\n<td>7:00<\/td>\n<td>19:00<\/td>\n<td>21:00<\/td>\n<\/tr>\n<tr>\n<td>14:00<\/td>\n<td>13:00<\/td>\n<td>5:00<\/td>\n<td>8:00<\/td>\n<td>20:00<\/td>\n<td>22:00<\/td>\n<\/tr>\n<tr>\n<td>15:00<\/td>\n<td>14:00<\/td>\n<td>6:00<\/td>\n<td>9:00<\/td>\n<td>21:00<\/td>\n<td>23:00<\/td>\n<\/tr>\n<tr>\n<td>16:00<\/td>\n<td>15:00<\/td>\n<td>7:00<\/td>\n<td>10:00<\/td>\n<td>22:00<\/td>\n<td>00:00 (+1 d\u00eda)<\/td>\n<\/tr>\n<tr>\n<td>17:00<\/td>\n<td>16:00<\/td>\n<td>8:00<\/td>\n<td>11:00<\/td>\n<td>23:00<\/td>\n<td>1:00 (+1 d\u00eda)<\/td>\n<\/tr>\n<tr>\n<td>18:00<\/td>\n<td>17:00<\/td>\n<td>9:00<\/td>\n<td>12:00<\/td>\n<td>00:00 (+1 d\u00eda)<\/td>\n<td>2:00 (+1 d\u00eda)<\/td>\n<\/tr>\n<tr>\n<td>19:00<\/td>\n<td>18:00<\/td>\n<td>10:00<\/td>\n<td>13:00<\/td>\n<td>1:00 (+1 d\u00eda)<\/td>\n<td>3:00 (+1 d\u00eda)<\/td>\n<\/tr>\n<tr>\n<td>20:00<\/td>\n<td>19:00<\/td>\n<td>11:00<\/td>\n<td>14:00<\/td>\n<td>2:00 (+1 d\u00eda)<\/td>\n<td>2:00 (+1 d\u00eda)<\/td>\n<\/tr>\n<\/tbody>\n<\/table>\n<p>&nbsp;<\/p>\n<p>Puedes enviarme un mensaje si necesitas que te ayude con las diferentes zonas horarias.<\/p>\n<p>Paquete de 10 clases. Duraci\u00f3n de 45 o 60 min.<\/p>\n<p>Elige la fecha\/hora en el calendario para nuestra primera clase y volveremos a programar las siguientes clases una vez terminada la sesi\u00f3n para completar el pack, tanto si quieres mantener el mismo d\u00eda y hora o quieres cambiar.<\/p>\n","protected":false},"featured_media":452,"template":"","meta":[],"product_brand":[],"product_cat":[47],"product_tag":[],"class_list":{"0":"post-789","1":"product","2":"type-product","3":"status-publish","4":"has-post-thumbnail","6":"product_cat-clases-de-espanol","8":"first","9":"instock","10":"virtual","11":"purchasable","12":"product-type-simple"},"aioseo_notices":[],"_links":{"self":[{"href":"https:\/\/mslolaspanish.com\/es\/wp-json\/wp\/v2\/product\/789","targetHints":{"allow":["GET"]}}],"collection":[{"href":"https:\/\/mslolaspanish.com\/es\/wp-json\/wp\/v2\/product"}],"about":[{"href":"https:\/\/mslolaspanish.com\/es\/wp-json\/wp\/v2\/types\/product"}],"wp:featuredmedia":[{"embeddable":true,"href":"https:\/\/mslolaspanish.com\/es\/wp-json\/wp\/v2\/media\/452"}],"wp:attachment":[{"href":"https:\/\/mslolaspanish.com\/es\/wp-json\/wp\/v2\/media?parent=789"}],"wp:term":[{"taxonomy":"product_brand","embeddable":true,"href":"https:\/\/mslolaspanish.com\/es\/wp-json\/wp\/v2\/product_brand?post=789"},{"taxonomy":"product_cat","embeddable":true,"href":"https:\/\/mslolaspanish.com\/es\/wp-json\/wp\/v2\/product_cat?post=789"},{"taxonomy":"product_tag","embeddable":true,"href":"https:\/\/mslolaspanish.com\/es\/wp-json\/wp\/v2\/product_tag?post=789"}],"curies":[{"name":"wp","href":"https:\/\/api.w.org\/{rel}","templated":true}]}}