{"id":785,"date":"2023-10-06T08:22:10","date_gmt":"2023-10-06T06:22:10","guid":{"rendered":"https:\/\/mslolaspanish.com\/product\/espanol-para-ninos-y-adolescentes\/"},"modified":"2023-04-20T08:23:40","modified_gmt":"2023-04-20T07:23:40","slug":"espanol-para-ninos-y-adolescentes","status":"publish","type":"product","link":"https:\/\/mslolaspanish.com\/es\/producto\/espanol-para-ninos-y-adolescentes\/","title":{"rendered":"Espa\u00f1ol para ni\u00f1os y adolescentes"},"content":{"rendered":"<p>Son clases para que los estudiantes <strong>aprendan de una forma l\u00fadica, did\u00e1ctica, divertida<\/strong> y <strong>disfrutando de las clases<\/strong>, pero sin olvidarnos del curriculum que tienen que aprender.<\/p>\n<p>Utilizo materiales apropiados a su edad como canciones, flashcards, cuentos, recursos interactivos, rockalingua, linguascope, wordwall, gimkit, kahoot\u2026<\/p>\n","protected":false},"excerpt":{"rendered":"<p>Zona horaria predefinida: Madrid, Espa\u00f1a (GMT+2)<\/p>\n<table style=\"width: 100%;\">\n<tbody>\n<tr>\n<td><strong>Madrid<\/strong><\/td>\n<td><strong>Londres<\/strong><\/td>\n<td><strong>LA<\/strong><\/td>\n<td><strong>Nueva York<\/strong><\/td>\n<td><strong>Singapur<\/strong><\/td>\n<td><strong>Australia (Sydney)<\/strong><\/td>\n<\/tr>\n<tr>\n<td>8:00<\/td>\n<td>7:00<\/td>\n<td>23:00 (-1 d\u00eda)<\/td>\n<td>2:00<\/td>\n<td>14:00<\/td>\n<td>16:00<\/td>\n<\/tr>\n<tr>\n<td>9:00<\/td>\n<td>8:00<\/td>\n<td>00:00<\/td>\n<td>3:00<\/td>\n<td>15:00<\/td>\n<td>17:00<\/td>\n<\/tr>\n<tr>\n<td>10:00<\/td>\n<td>9:00<\/td>\n<td>1:00<\/td>\n<td>4:00<\/td>\n<td>16:00<\/td>\n<td>18:00<\/td>\n<\/tr>\n<tr>\n<td>11:00<\/td>\n<td>10:00<\/td>\n<td>2:00<\/td>\n<td>5:00<\/td>\n<td>17:00<\/td>\n<td>19:00<\/td>\n<\/tr>\n<tr>\n<td>12:00<\/td>\n<td>11:00<\/td>\n<td>3:00<\/td>\n<td>6:00<\/td>\n<td>18:00<\/td>\n<td>20:00<\/td>\n<\/tr>\n<tr>\n<td>13:00<\/td>\n<td>12:00<\/td>\n<td>4:00<\/td>\n<td>7:00<\/td>\n<td>19:00<\/td>\n<td>21:00<\/td>\n<\/tr>\n<tr>\n<td>14:00<\/td>\n<td>13:00<\/td>\n<td>5:00<\/td>\n<td>8:00<\/td>\n<td>20:00<\/td>\n<td>22:00<\/td>\n<\/tr>\n<tr>\n<td>15:00<\/td>\n<td>14:00<\/td>\n<td>6:00<\/td>\n<td>9:00<\/td>\n<td>21:00<\/td>\n<td>23:00<\/td>\n<\/tr>\n<tr>\n<td>16:00<\/td>\n<td>15:00<\/td>\n<td>7:00<\/td>\n<td>10:00<\/td>\n<td>22:00<\/td>\n<td>00:00 (+1 d\u00eda)<\/td>\n<\/tr>\n<tr>\n<td>17:00<\/td>\n<td>16:00<\/td>\n<td>8:00<\/td>\n<td>11:00<\/td>\n<td>23:00<\/td>\n<td>1:00 (+1 d\u00eda)<\/td>\n<\/tr>\n<tr>\n<td>18:00<\/td>\n<td>17:00<\/td>\n<td>9:00<\/td>\n<td>12:00<\/td>\n<td>00:00 (+1 d\u00eda)<\/td>\n<td>2:00 (+1 d\u00eda)<\/td>\n<\/tr>\n<tr>\n<td>19:00<\/td>\n<td>18:00<\/td>\n<td>10:00<\/td>\n<td>13:00<\/td>\n<td>1:00 (+1 d\u00eda)<\/td>\n<td>3:00 (+1 d\u00eda)<\/td>\n<\/tr>\n<tr>\n<td>20:00<\/td>\n<td>19:00<\/td>\n<td>11:00<\/td>\n<td>14:00<\/td>\n<td>2:00 (+1 d\u00eda)<\/td>\n<td>2:00 (+1 d\u00eda)<\/td>\n<\/tr>\n<\/tbody>\n<\/table>\n<p>&nbsp;<\/p>\n<p>Puedes enviarme un mensaje si necesitas que te ayude con las diferentes zonas horarias.<\/p>\n<p>Clase \u00fanica. Duraci\u00f3n de 45 o 60 min.<\/p>\n","protected":false},"featured_media":1679,"template":"","meta":[],"product_brand":[],"product_cat":[47],"product_tag":[],"class_list":{"0":"post-785","1":"product","2":"type-product","3":"status-publish","4":"has-post-thumbnail","6":"product_cat-clases-de-espanol","8":"first","9":"instock","10":"virtual","11":"purchasable","12":"product-type-simple"},"aioseo_notices":[],"_links":{"self":[{"href":"https:\/\/mslolaspanish.com\/es\/wp-json\/wp\/v2\/product\/785","targetHints":{"allow":["GET"]}}],"collection":[{"href":"https:\/\/mslolaspanish.com\/es\/wp-json\/wp\/v2\/product"}],"about":[{"href":"https:\/\/mslolaspanish.com\/es\/wp-json\/wp\/v2\/types\/product"}],"wp:featuredmedia":[{"embeddable":true,"href":"https:\/\/mslolaspanish.com\/es\/wp-json\/wp\/v2\/media\/1679"}],"wp:attachment":[{"href":"https:\/\/mslolaspanish.com\/es\/wp-json\/wp\/v2\/media?parent=785"}],"wp:term":[{"taxonomy":"product_brand","embeddable":true,"href":"https:\/\/mslolaspanish.com\/es\/wp-json\/wp\/v2\/product_brand?post=785"},{"taxonomy":"product_cat","embeddable":true,"href":"https:\/\/mslolaspanish.com\/es\/wp-json\/wp\/v2\/product_cat?post=785"},{"taxonomy":"product_tag","embeddable":true,"href":"https:\/\/mslolaspanish.com\/es\/wp-json\/wp\/v2\/product_tag?post=785"}],"curies":[{"name":"wp","href":"https:\/\/api.w.org\/{rel}","templated":true}]}}