{"id":783,"date":"2023-04-11T08:04:51","date_gmt":"2023-04-11T06:04:51","guid":{"rendered":"https:\/\/mslolaspanish.com\/product\/vamos-a-hablar-pack-10\/"},"modified":"2023-04-20T08:23:18","modified_gmt":"2023-04-20T07:23:18","slug":"vamos-a-hablar-pack-10","status":"publish","type":"product","link":"https:\/\/mslolaspanish.com\/es\/producto\/vamos-a-hablar-pack-10\/","title":{"rendered":"\u00a1Vamos a hablar! (Pack 10)"},"content":{"rendered":"<p><strong>Habl\u00e9mos<\/strong> y pongamos tu <strong>gram\u00e1tica a prueba<\/strong>.<\/p>\n<p>Estas clases est\u00e1n indicadas para estudiantes que ya tienen un poco de nivel, puesto que necesitas un nivel m\u00ednimo para comunicarte.<\/p>\n<p><strong>Mejorar\u00e1s tu espa\u00f1ol<\/strong> aprendiendo <strong>vocabulario, expresiones, costumbres y cultura<\/strong>. Iremos trabajando la gram\u00e1tica en la medida que lo vayas necesitando.<\/p>\n<p>Conversaremos sobre un tema acordado entre nosotros, siempre pensando en tus intereses, hobbies u objetivo de aprendizaje.<\/p>\n<p>T\u00fa expondr\u00e1s tus ideas y yo te corregir\u00e9 (si quieres, en el momento o al final de la clase), con total respecto y tolerancia.<\/p>\n<p>Puedo mandarte deberes (si quieres), un texto para que trabajes en casa, y en la siguiente clase hablaremos sobre ello y lo corregiremos juntos.<\/p>\n","protected":false},"excerpt":{"rendered":"<p>Zona horaria predefinida: Madrid, Espa\u00f1a (GMT+2)<\/p>\n<table style=\"width: 100%;\">\n<tbody>\n<tr>\n<td><strong>Madrid<\/strong><\/td>\n<td><strong>Londres<\/strong><\/td>\n<td><strong>LA<\/strong><\/td>\n<td><strong>Nueva York<\/strong><\/td>\n<td><strong>Singapur<\/strong><\/td>\n<td><strong>Australia (Sydney)<\/strong><\/td>\n<\/tr>\n<tr>\n<td>8:00<\/td>\n<td>7:00<\/td>\n<td>23:00 (-1 d\u00eda)<\/td>\n<td>2:00<\/td>\n<td>14:00<\/td>\n<td>16:00<\/td>\n<\/tr>\n<tr>\n<td>9:00<\/td>\n<td>8:00<\/td>\n<td>00:00<\/td>\n<td>3:00<\/td>\n<td>15:00<\/td>\n<td>17:00<\/td>\n<\/tr>\n<tr>\n<td>10:00<\/td>\n<td>9:00<\/td>\n<td>1:00<\/td>\n<td>4:00<\/td>\n<td>16:00<\/td>\n<td>18:00<\/td>\n<\/tr>\n<tr>\n<td>11:00<\/td>\n<td>10:00<\/td>\n<td>2:00<\/td>\n<td>5:00<\/td>\n<td>17:00<\/td>\n<td>19:00<\/td>\n<\/tr>\n<tr>\n<td>12:00<\/td>\n<td>11:00<\/td>\n<td>3:00<\/td>\n<td>6:00<\/td>\n<td>18:00<\/td>\n<td>20:00<\/td>\n<\/tr>\n<tr>\n<td>13:00<\/td>\n<td>12:00<\/td>\n<td>4:00<\/td>\n<td>7:00<\/td>\n<td>19:00<\/td>\n<td>21:00<\/td>\n<\/tr>\n<tr>\n<td>14:00<\/td>\n<td>13:00<\/td>\n<td>5:00<\/td>\n<td>8:00<\/td>\n<td>20:00<\/td>\n<td>22:00<\/td>\n<\/tr>\n<tr>\n<td>15:00<\/td>\n<td>14:00<\/td>\n<td>6:00<\/td>\n<td>9:00<\/td>\n<td>21:00<\/td>\n<td>23:00<\/td>\n<\/tr>\n<tr>\n<td>16:00<\/td>\n<td>15:00<\/td>\n<td>7:00<\/td>\n<td>10:00<\/td>\n<td>22:00<\/td>\n<td>00:00 (+1 d\u00eda)<\/td>\n<\/tr>\n<tr>\n<td>17:00<\/td>\n<td>16:00<\/td>\n<td>8:00<\/td>\n<td>11:00<\/td>\n<td>23:00<\/td>\n<td>1:00 (+1 d\u00eda)<\/td>\n<\/tr>\n<tr>\n<td>18:00<\/td>\n<td>17:00<\/td>\n<td>9:00<\/td>\n<td>12:00<\/td>\n<td>00:00 (+1 d\u00eda)<\/td>\n<td>2:00 (+1 d\u00eda)<\/td>\n<\/tr>\n<tr>\n<td>19:00<\/td>\n<td>18:00<\/td>\n<td>10:00<\/td>\n<td>13:00<\/td>\n<td>1:00 (+1 d\u00eda)<\/td>\n<td>3:00 (+1 d\u00eda)<\/td>\n<\/tr>\n<tr>\n<td>20:00<\/td>\n<td>19:00<\/td>\n<td>11:00<\/td>\n<td>14:00<\/td>\n<td>2:00 (+1 d\u00eda)<\/td>\n<td>2:00 (+1 d\u00eda)<\/td>\n<\/tr>\n<\/tbody>\n<\/table>\n<p>&nbsp;<\/p>\n<p>Puedes enviarme un mensaje si necesitas que te ayude con las diferentes zonas horarias.<\/p>\n<p>Paquete de 10 clases. Duraci\u00f3n de 45 o 60 min.<\/p>\n<p>Elige la fecha\/hora en el calendario para nuestra primera clase y volveremos a programar las siguientes clases una vez terminada la sesi\u00f3n para completar el pack, tanto si quieres mantener el mismo d\u00eda y hora o quieres cambiar.<\/p>\n","protected":false},"featured_media":446,"template":"","meta":[],"product_brand":[],"product_cat":[47],"product_tag":[],"class_list":{"0":"post-783","1":"product","2":"type-product","3":"status-publish","4":"has-post-thumbnail","6":"product_cat-clases-de-espanol","8":"first","9":"instock","10":"virtual","11":"purchasable","12":"product-type-simple"},"aioseo_notices":[],"_links":{"self":[{"href":"https:\/\/mslolaspanish.com\/es\/wp-json\/wp\/v2\/product\/783","targetHints":{"allow":["GET"]}}],"collection":[{"href":"https:\/\/mslolaspanish.com\/es\/wp-json\/wp\/v2\/product"}],"about":[{"href":"https:\/\/mslolaspanish.com\/es\/wp-json\/wp\/v2\/types\/product"}],"wp:featuredmedia":[{"embeddable":true,"href":"https:\/\/mslolaspanish.com\/es\/wp-json\/wp\/v2\/media\/446"}],"wp:attachment":[{"href":"https:\/\/mslolaspanish.com\/es\/wp-json\/wp\/v2\/media?parent=783"}],"wp:term":[{"taxonomy":"product_brand","embeddable":true,"href":"https:\/\/mslolaspanish.com\/es\/wp-json\/wp\/v2\/product_brand?post=783"},{"taxonomy":"product_cat","embeddable":true,"href":"https:\/\/mslolaspanish.com\/es\/wp-json\/wp\/v2\/product_cat?post=783"},{"taxonomy":"product_tag","embeddable":true,"href":"https:\/\/mslolaspanish.com\/es\/wp-json\/wp\/v2\/product_tag?post=783"}],"curies":[{"name":"wp","href":"https:\/\/api.w.org\/{rel}","templated":true}]}}