{"id":963,"date":"2023-04-18T17:11:42","date_gmt":"2023-04-18T16:11:42","guid":{"rendered":"https:\/\/mslolaspanish.com\/?page_id=963"},"modified":"2024-04-22T08:30:25","modified_gmt":"2024-04-22T06:30:25","slug":"ayudas","status":"publish","type":"page","link":"https:\/\/mslolaspanish.com\/es\/ayudas\/","title":{"rendered":"Ayudas"},"content":{"rendered":"\t\t<div data-elementor-type=\"wp-page\" data-elementor-id=\"963\" class=\"elementor elementor-963\">\n\t\t\t\t\t\t<section class=\"elementor-section elementor-top-section elementor-element elementor-element-e73f162 elementor-section-boxed elementor-section-height-default elementor-section-height-default wpr-particle-no wpr-jarallax-no wpr-parallax-no wpr-sticky-section-no\" data-id=\"e73f162\" data-element_type=\"section\" data-e-type=\"section\">\n\t\t\t\t\t\t<div class=\"elementor-container elementor-column-gap-default\">\n\t\t\t\t\t<div class=\"elementor-column elementor-col-100 elementor-top-column elementor-element elementor-element-401e875\" data-id=\"401e875\" data-element_type=\"column\" data-e-type=\"column\">\n\t\t\t<div class=\"elementor-widget-wrap elementor-element-populated\">\n\t\t\t\t\t\t<div class=\"elementor-element elementor-element-003fff4 elementor-widget elementor-widget-heading\" data-id=\"003fff4\" data-element_type=\"widget\" data-e-type=\"widget\" data-widget_type=\"heading.default\">\n\t\t\t\t<div class=\"elementor-widget-container\">\n\t\t\t\t\t<h2 class=\"elementor-heading-title elementor-size-default\">Ayudas Kit Digital<\/h2>\t\t\t\t<\/div>\n\t\t\t\t<\/div>\n\t\t\t\t<section class=\"elementor-section elementor-inner-section elementor-element elementor-element-87697ad elementor-section-content-middle elementor-section-boxed elementor-section-height-default elementor-section-height-default wpr-particle-no wpr-jarallax-no wpr-parallax-no wpr-sticky-section-no\" data-id=\"87697ad\" data-element_type=\"section\" data-e-type=\"section\">\n\t\t\t\t\t\t<div class=\"elementor-container elementor-column-gap-default\">\n\t\t\t\t\t<div class=\"elementor-column elementor-col-50 elementor-inner-column elementor-element elementor-element-b3d2374\" data-id=\"b3d2374\" data-element_type=\"column\" data-e-type=\"column\">\n\t\t\t<div class=\"elementor-widget-wrap elementor-element-populated\">\n\t\t\t\t\t\t<div class=\"elementor-element elementor-element-b060ddd elementor-widget elementor-widget-image\" data-id=\"b060ddd\" data-element_type=\"widget\" data-e-type=\"widget\" data-widget_type=\"image.default\">\n\t\t\t\t<div class=\"elementor-widget-container\">\n\t\t\t\t\t\t\t\t\t\t\t\t\t\t\t<img fetchpriority=\"high\" decoding=\"async\" width=\"936\" height=\"215\" src=\"https:\/\/mslolaspanish.com\/wp-content\/uploads\/2024\/04\/logo-gob-esp-plan-recuperacion-kit-digital.png\" class=\"attachment-full size-full wp-image-1756\" alt=\"Logo Gobierno de Espa\u00f1a y Plan de Recuperaci\u00f3n, Transformaci\u00f3n y Resilencia\" srcset=\"https:\/\/mslolaspanish.com\/wp-content\/uploads\/2024\/04\/logo-gob-esp-plan-recuperacion-kit-digital.png 936w, https:\/\/mslolaspanish.com\/wp-content\/uploads\/2024\/04\/logo-gob-esp-plan-recuperacion-kit-digital-300x69.png 300w, https:\/\/mslolaspanish.com\/wp-content\/uploads\/2024\/04\/logo-gob-esp-plan-recuperacion-kit-digital-768x176.png 768w, https:\/\/mslolaspanish.com\/wp-content\/uploads\/2024\/04\/logo-gob-esp-plan-recuperacion-kit-digital-230x53.png 230w, https:\/\/mslolaspanish.com\/wp-content\/uploads\/2024\/04\/logo-gob-esp-plan-recuperacion-kit-digital-350x80.png 350w, https:\/\/mslolaspanish.com\/wp-content\/uploads\/2024\/04\/logo-gob-esp-plan-recuperacion-kit-digital-480x110.png 480w, https:\/\/mslolaspanish.com\/wp-content\/uploads\/2024\/04\/logo-gob-esp-plan-recuperacion-kit-digital-420x96.png 420w, https:\/\/mslolaspanish.com\/wp-content\/uploads\/2024\/04\/logo-gob-esp-plan-recuperacion-kit-digital-800x184.png 800w\" sizes=\"(max-width: 936px) 100vw, 936px\" \/>\t\t\t\t\t\t\t\t\t\t\t\t\t\t\t<\/div>\n\t\t\t\t<\/div>\n\t\t\t\t\t<\/div>\n\t\t<\/div>\n\t\t\t\t<div class=\"elementor-column elementor-col-50 elementor-inner-column elementor-element elementor-element-7a02297\" data-id=\"7a02297\" data-element_type=\"column\" data-e-type=\"column\">\n\t\t\t<div class=\"elementor-widget-wrap elementor-element-populated\">\n\t\t\t\t\t\t<div class=\"elementor-element elementor-element-01639fe elementor-widget elementor-widget-image\" data-id=\"01639fe\" data-element_type=\"widget\" data-e-type=\"widget\" data-widget_type=\"image.default\">\n\t\t\t\t<div class=\"elementor-widget-container\">\n\t\t\t\t\t\t\t\t\t\t\t\t\t\t\t<img decoding=\"async\" width=\"6943\" height=\"2038\" src=\"https:\/\/mslolaspanish.com\/wp-content\/uploads\/2023\/04\/ES-Financiado-por-la-Union-Europea_POS.png\" class=\"attachment-full size-full wp-image-968\" alt=\"\" srcset=\"https:\/\/mslolaspanish.com\/wp-content\/uploads\/2023\/04\/ES-Financiado-por-la-Union-Europea_POS.png 6943w, https:\/\/mslolaspanish.com\/wp-content\/uploads\/2023\/04\/ES-Financiado-por-la-Union-Europea_POS-300x88.png 300w, https:\/\/mslolaspanish.com\/wp-content\/uploads\/2023\/04\/ES-Financiado-por-la-Union-Europea_POS-1024x301.png 1024w, https:\/\/mslolaspanish.com\/wp-content\/uploads\/2023\/04\/ES-Financiado-por-la-Union-Europea_POS-768x225.png 768w, https:\/\/mslolaspanish.com\/wp-content\/uploads\/2023\/04\/ES-Financiado-por-la-Union-Europea_POS-1536x451.png 1536w, https:\/\/mslolaspanish.com\/wp-content\/uploads\/2023\/04\/ES-Financiado-por-la-Union-Europea_POS-2048x601.png 2048w, https:\/\/mslolaspanish.com\/wp-content\/uploads\/2023\/04\/ES-Financiado-por-la-Union-Europea_POS-1000x294.png 1000w, https:\/\/mslolaspanish.com\/wp-content\/uploads\/2023\/04\/ES-Financiado-por-la-Union-Europea_POS-230x68.png 230w, https:\/\/mslolaspanish.com\/wp-content\/uploads\/2023\/04\/ES-Financiado-por-la-Union-Europea_POS-350x103.png 350w, https:\/\/mslolaspanish.com\/wp-content\/uploads\/2023\/04\/ES-Financiado-por-la-Union-Europea_POS-480x141.png 480w, https:\/\/mslolaspanish.com\/wp-content\/uploads\/2023\/04\/ES-Financiado-por-la-Union-Europea_POS-420x123.png 420w, https:\/\/mslolaspanish.com\/wp-content\/uploads\/2023\/04\/ES-Financiado-por-la-Union-Europea_POS-800x235.png 800w\" sizes=\"(max-width: 6943px) 100vw, 6943px\" \/>\t\t\t\t\t\t\t\t\t\t\t\t\t\t\t<\/div>\n\t\t\t\t<\/div>\n\t\t\t\t\t<\/div>\n\t\t<\/div>\n\t\t\t\t\t<\/div>\n\t\t<\/section>\n\t\t\t\t<div class=\"elementor-element elementor-element-6a629ee elementor-widget elementor-widget-heading\" data-id=\"6a629ee\" data-element_type=\"widget\" data-e-type=\"widget\" data-widget_type=\"heading.default\">\n\t\t\t\t<div class=\"elementor-widget-container\">\n\t\t\t\t\t<h3 class=\"elementor-heading-title elementor-size-default\">Financiado por la Uni\u00f3n Europea - NextGenerationEU<\/h3>\t\t\t\t<\/div>\n\t\t\t\t<\/div>\n\t\t\t\t<div class=\"elementor-element elementor-element-cf88142 elementor-widget elementor-widget-text-editor\" data-id=\"cf88142\" data-element_type=\"widget\" data-e-type=\"widget\" data-widget_type=\"text-editor.default\">\n\t\t\t\t<div class=\"elementor-widget-container\">\n\t\t\t\t\t\t\t\t\t<p>MsLolaSpanish.com, en el marco de la Agenda Espan\u0303a Digital 2025, ha contado con el apoyo del Plan de Digitalizacio\u0301n PYMEs 2021-2025 y el Plan de Recuperacio\u0301n, Transformacio\u0301n y Resiliencia de Espan\u0303a -Financiado por la Unio\u0301n Europea- Next Generation EU (Programa Kit Digital).<\/p>\t\t\t\t\t\t\t\t<\/div>\n\t\t\t\t<\/div>\n\t\t\t\t\t<\/div>\n\t\t<\/div>\n\t\t\t\t\t<\/div>\n\t\t<\/section>\n\t\t\t\t<\/div>\n\t\t","protected":false},"excerpt":{"rendered":"<p>Ayudas Kit Digital Financiado por la Uni\u00f3n Europea &#8211; NextGenerationEU MsLolaSpanish.com, en el marco de la Agenda Espan\u0303a Digital 2025, ha contado<\/p>\n","protected":false},"author":4,"featured_media":0,"parent":0,"menu_order":0,"comment_status":"closed","ping_status":"closed","template":"","meta":{"footnotes":""},"class_list":["post-963","page","type-page","status-publish","hentry"],"aioseo_notices":[],"_links":{"self":[{"href":"https:\/\/mslolaspanish.com\/es\/wp-json\/wp\/v2\/pages\/963","targetHints":{"allow":["GET"]}}],"collection":[{"href":"https:\/\/mslolaspanish.com\/es\/wp-json\/wp\/v2\/pages"}],"about":[{"href":"https:\/\/mslolaspanish.com\/es\/wp-json\/wp\/v2\/types\/page"}],"author":[{"embeddable":true,"href":"https:\/\/mslolaspanish.com\/es\/wp-json\/wp\/v2\/users\/4"}],"replies":[{"embeddable":true,"href":"https:\/\/mslolaspanish.com\/es\/wp-json\/wp\/v2\/comments?post=963"}],"version-history":[{"count":12,"href":"https:\/\/mslolaspanish.com\/es\/wp-json\/wp\/v2\/pages\/963\/revisions"}],"predecessor-version":[{"id":1760,"href":"https:\/\/mslolaspanish.com\/es\/wp-json\/wp\/v2\/pages\/963\/revisions\/1760"}],"wp:attachment":[{"href":"https:\/\/mslolaspanish.com\/es\/wp-json\/wp\/v2\/media?parent=963"}],"curies":[{"name":"wp","href":"https:\/\/api.w.org\/{rel}","templated":true}]}}